{"id":81,"date":"2017-04-19T09:13:57","date_gmt":"2017-04-19T09:13:57","guid":{"rendered":"https:\/\/decanteristorante.es\/contatti\/"},"modified":"2025-04-29T15:31:38","modified_gmt":"2025-04-29T13:31:38","slug":"contatti","status":"publish","type":"page","link":"https:\/\/dekitalianbistrot.com\/es\/contatti\/","title":{"rendered":"CONTACTOS"},"content":{"rendered":"<div class=\"vce-row-container\" data-vce-boxed-width=\"true\"><div class=\"vce-row vce-row--col-gap-30 vce-row-equal-height vce-row-content--top\" id=\"el-424c7d3f\" data-vce-do-apply=\"all el-424c7d3f\"><div class=\"vce-row-content\" data-vce-element-content=\"true\"><div class=\"vce-col vce-col--md-auto vce-col--xs-1 vce-col--xs-last vce-col--xs-first vce-col--sm-last vce-col--sm-first vce-col--md-last vce-col--lg-last vce-col--xl-last vce-col--md-first vce-col--lg-first vce-col--xl-first\" id=\"el-51b7ec21\"><div class=\"vce-col-inner\" data-vce-do-apply=\"border margin background  el-51b7ec21\"><div class=\"vce-col-content\" data-vce-element-content=\"true\" data-vce-do-apply=\"padding el-51b7ec21\"><div class=\"vce-text-block\"><div class=\"vce-text-block-wrapper vce\" id=\"el-85e47d63\" data-vce-do-apply=\"all el-85e47d63\"><p>\t<div class=\"pixcode  pixcode--grid  grid\" >\n\t\t\t<div class=\"grid__item six-twelfths palm-one-whole\" >\n\t\t<p>IL DECANTER - IBIZA<br>Calle De Antonio Palau, 1 - Ibiza<br>Tel. +34 871 035173<br>info@dekitalianbistrot.com<\/p>\n<p>Abiertos todos los d\u00edas desde por la ma\u00f1ana<br>hasta bien entrada la noche<br>Cocina italiana y de fusi\u00f3n, cocktails y sushi bar<br>Breakfast, comida<\/p>\n<p><a  class=\"pixcode  pixcode--btn  btn  btn--primary\"  >RESERVA<\/a><\/p>\n<p>&nbsp;<\/p>\t<\/div>\n\t<div class=\"grid__item six-twelfths palm-one-whole\" >\n\t\t<img fetchpriority=\"high\" decoding=\"async\" class=\"size-large wp-image-1647 alignnone\" src=\"https:\/\/dekitalianbistrot.com\/wp-content\/uploads\/2019\/07\/map-1024x767.jpg\" alt=\"\" width=\"960\" height=\"719\" srcset=\"https:\/\/dekitalianbistrot.com\/wp-content\/uploads\/2019\/07\/map-1024x767.jpg 1024w, https:\/\/dekitalianbistrot.com\/wp-content\/uploads\/2019\/07\/map-300x225.jpg 300w, https:\/\/dekitalianbistrot.com\/wp-content\/uploads\/2019\/07\/map-768x575.jpg 768w, https:\/\/dekitalianbistrot.com\/wp-content\/uploads\/2019\/07\/map-900x674.jpg 900w, https:\/\/dekitalianbistrot.com\/wp-content\/uploads\/2019\/07\/map-400x299.jpg 400w, https:\/\/dekitalianbistrot.com\/wp-content\/uploads\/2019\/07\/map.jpg 1194w\" sizes=\"(max-width: 960px) 100vw, 960px\" \/>\t<\/div>\n\t<\/div>\n<\/p><\/div><\/div><\/div><\/div><\/div><\/div><\/div><\/div>","protected":false},"excerpt":{"rendered":"","protected":false},"author":1,"featured_media":1701,"parent":0,"menu_order":52,"comment_status":"closed","ping_status":"closed","template":"","meta":{"footnotes":""},"class_list":["post-81","page","type-page","status-publish","has-post-thumbnail","hentry"],"_links":{"self":[{"href":"https:\/\/dekitalianbistrot.com\/es\/wp-json\/wp\/v2\/pages\/81","targetHints":{"allow":["GET"]}}],"collection":[{"href":"https:\/\/dekitalianbistrot.com\/es\/wp-json\/wp\/v2\/pages"}],"about":[{"href":"https:\/\/dekitalianbistrot.com\/es\/wp-json\/wp\/v2\/types\/page"}],"author":[{"embeddable":true,"href":"https:\/\/dekitalianbistrot.com\/es\/wp-json\/wp\/v2\/users\/1"}],"replies":[{"embeddable":true,"href":"https:\/\/dekitalianbistrot.com\/es\/wp-json\/wp\/v2\/comments?post=81"}],"version-history":[{"count":0,"href":"https:\/\/dekitalianbistrot.com\/es\/wp-json\/wp\/v2\/pages\/81\/revisions"}],"wp:featuredmedia":[{"embeddable":true,"href":"https:\/\/dekitalianbistrot.com\/es\/wp-json\/wp\/v2\/media\/1701"}],"wp:attachment":[{"href":"https:\/\/dekitalianbistrot.com\/es\/wp-json\/wp\/v2\/media?parent=81"}],"curies":[{"name":"wp","href":"https:\/\/api.w.org\/{rel}","templated":true}]}}