{"id":2910,"date":"2022-04-10T12:43:52","date_gmt":"2022-04-10T10:43:52","guid":{"rendered":"https:\/\/dekitalianbistrot.com\/dek-prato-2\/"},"modified":"2022-04-10T17:42:27","modified_gmt":"2022-04-10T15:42:27","slug":"dek-prato-2","status":"publish","type":"page","link":"https:\/\/dekitalianbistrot.com\/es\/dek-prato-2\/","title":{"rendered":"Prato Home"},"content":{"rendered":"\n\t<div class=\"pixcode  pixcode--grid  grid\" >\n\t\t\t<div class=\"island grid__item six-twelfths palm-one-whole\" >\n\t\t\n\n<hgroup class=\"pixcode  pixcode--heading article__headline\">\n\t<h2 class=\"headline__secondary\"><span class=\"first-letter\">D<\/span>ek<\/h2>\n\t<h1 class=\"headline__primary\">Philosophy<\/h1>\n<\/hgroup>\n\n<div class=\"pixcode  pixcode--separator  separator separator--flower separator_color--color\">&#10043;<\/div>\n\n<p style=\"text-align: center;\">Dek \u00e8 la festa che non ti aspetti in un sabato sera noioso.\nDek \u00e8 la pioggia che arriva in un&#8217;afosa giornata di agosto.\nDek \u00e8 il vortice che passa e mette in discussione tutto.\nDek si mette in discussione, ti mette in discussione.\nGli elementi della natura che vanno oltre i confini, si ricombinano forgiando, immutabile, l&#8217;equilibrio che manda avanti la terra.\nDek \u00e8 l&#8217;equilibrio sopra ogni follia.<\/p>\n<p style=\"text-align: center;\">Colori, esplosioni di sapori, soffusi brusii, non c&#8217;\u00e8 tradizione senza che venga rinnovata.\nIl Dek \u00e8 ricerca, il Dek \u00e8 offerta. Il Dek \u00e8 la luce nel buio della noia.<\/p>\n\t<\/div>\n\t<div class=\"grid__item five-twelfths palm-one-whole\" >\n\t\t\n<p style=\"text-align: center;\"><img fetchpriority=\"high\" decoding=\"async\" class=\"alignnone wp-image-1903 size-full\" src=\"https:\/\/dekitalianbistrot.com\/wp-content\/uploads\/2022\/04\/cope1.jpeg\" alt=\"\" width=\"900\" height=\"600\"><\/p>\n<p style=\"text-align: center;\"><img decoding=\"async\" class=\"alignnone wp-image-1934 size-full\" style=\"font-family: inherit; font-weight: inherit;\" src=\"https:\/\/dekitalianbistrot.com\/wp-content\/uploads\/2022\/04\/cope2-3.jpeg\" alt=\"\" width=\"900\" height=\"600\"><\/p>\n\t<\/div>\n\t<div class=\"empty_column grid__item five-twelfths palm-one-whole\" >\n\t\t\t<\/div>\n\t<\/div>\n\n\n<div class=\"pixcode  pixcode--separator  separator separator--line-flower\">\n<div class=\"line  line--left\"><\/div>\n<div class=\"line  line--right\"><\/div>\n<div class=\"star\">&#10043;<\/div>\n<div class=\"arrows\">\n<div class=\"arrow arrow--left\"><\/div>\n<div class=\"arrow arrow--right\"><\/div>\n<\/div>\n<\/div>\n\n","protected":false},"excerpt":{"rendered":"","protected":false},"author":3,"featured_media":4013,"parent":0,"menu_order":34,"comment_status":"closed","ping_status":"closed","template":"","meta":{"footnotes":""},"class_list":["post-2910","page","type-page","status-publish","has-post-thumbnail","hentry"],"_links":{"self":[{"href":"https:\/\/dekitalianbistrot.com\/es\/wp-json\/wp\/v2\/pages\/2910","targetHints":{"allow":["GET"]}}],"collection":[{"href":"https:\/\/dekitalianbistrot.com\/es\/wp-json\/wp\/v2\/pages"}],"about":[{"href":"https:\/\/dekitalianbistrot.com\/es\/wp-json\/wp\/v2\/types\/page"}],"author":[{"embeddable":true,"href":"https:\/\/dekitalianbistrot.com\/es\/wp-json\/wp\/v2\/users\/3"}],"replies":[{"embeddable":true,"href":"https:\/\/dekitalianbistrot.com\/es\/wp-json\/wp\/v2\/comments?post=2910"}],"version-history":[{"count":0,"href":"https:\/\/dekitalianbistrot.com\/es\/wp-json\/wp\/v2\/pages\/2910\/revisions"}],"wp:featuredmedia":[{"embeddable":true,"href":"https:\/\/dekitalianbistrot.com\/es\/wp-json\/wp\/v2\/media\/4013"}],"wp:attachment":[{"href":"https:\/\/dekitalianbistrot.com\/es\/wp-json\/wp\/v2\/media?parent=2910"}],"curies":[{"name":"wp","href":"https:\/\/api.w.org\/{rel}","templated":true}]}}